{"id":39,"date":"2024-01-05T15:27:57","date_gmt":"2024-01-05T15:27:57","guid":{"rendered":"https:\/\/instrukcje.motowotom.pl\/?page_id=39"},"modified":"2025-07-03T11:04:58","modified_gmt":"2025-07-03T11:04:58","slug":"home","status":"publish","type":"page","link":"https:\/\/instrukcje.motowotom.pl\/","title":{"rendered":"Strona g\u0142\u00f3wna"},"content":{"rendered":"\t\t<div data-elementor-type=\"wp-page\" data-elementor-id=\"39\" class=\"elementor elementor-39\">\n\t\t\t\t<div class=\"elementor-element elementor-element-ccf5bc8 e-flex e-con-boxed e-con e-parent\" data-id=\"ccf5bc8\" data-element_type=\"container\">\n\t\t\t\t\t<div class=\"e-con-inner\">\n\t\t\t\t<div class=\"elementor-element elementor-element-d10a79f elementor-widget elementor-widget-heading\" data-id=\"d10a79f\" data-element_type=\"widget\" data-widget_type=\"heading.default\">\n\t\t\t\t<div class=\"elementor-widget-container\">\n\t\t\t<h2 class=\"elementor-heading-title elementor-size-default\">INSTRUKCJE PRODUKT\u00d3W MOTOWOTOM ZROTOM i MOTOBAJKA<\/h2>\t\t<\/div>\n\t\t\t\t<\/div>\n\t\t\t\t\t<\/div>\n\t\t\t\t<\/div>\n\t\t<div class=\"elementor-element elementor-element-0cea92d e-flex e-con-boxed e-con e-parent\" data-id=\"0cea92d\" data-element_type=\"container\">\n\t\t\t\t\t<div class=\"e-con-inner\">\n\t\t<div class=\"elementor-element elementor-element-2ce8ce7 e-con-full e-flex e-con e-child\" data-id=\"2ce8ce7\" data-element_type=\"container\">\n\t\t\t\t<div class=\"elementor-element elementor-element-cf996b2 elementor-widget elementor-widget-image\" data-id=\"cf996b2\" data-element_type=\"widget\" data-widget_type=\"image.default\">\n\t\t\t\t<div class=\"elementor-widget-container\">\n\t\t\t\t\t\t\t\t\t\t\t\t\t<img fetchpriority=\"high\" decoding=\"async\" width=\"786\" height=\"791\" src=\"https:\/\/instrukcje.motowotom.pl\/wp-content\/uploads\/2025\/01\/Intercom-Motom.jpg\" class=\"attachment-large size-large wp-image-507\" alt=\"\" srcset=\"https:\/\/instrukcje.motowotom.pl\/wp-content\/uploads\/2025\/01\/Intercom-Motom.jpg 786w, https:\/\/instrukcje.motowotom.pl\/wp-content\/uploads\/2025\/01\/Intercom-Motom-298x300.jpg 298w, https:\/\/instrukcje.motowotom.pl\/wp-content\/uploads\/2025\/01\/Intercom-Motom-150x150.jpg 150w, https:\/\/instrukcje.motowotom.pl\/wp-content\/uploads\/2025\/01\/Intercom-Motom-768x773.jpg 768w\" sizes=\"(max-width: 786px) 100vw, 786px\" \/>\t\t\t\t\t\t\t\t\t\t\t\t\t<\/div>\n\t\t\t\t<\/div>\n\t\t\t\t<\/div>\n\t\t<div class=\"elementor-element elementor-element-8c3d38d e-con-full e-flex e-con e-child\" data-id=\"8c3d38d\" data-element_type=\"container\">\n\t\t<div class=\"elementor-element elementor-element-27e9cc8 e-con-full e-flex e-con e-child\" data-id=\"27e9cc8\" data-element_type=\"container\">\n\t\t\t\t<div class=\"elementor-element elementor-element-2c47d58 elementor-widget elementor-widget-text-editor\" data-id=\"2c47d58\" data-element_type=\"widget\" data-widget_type=\"text-editor.default\">\n\t\t\t\t<div class=\"elementor-widget-container\">\n\t\t\t\t\t\t\t<h2>Interkom motocyklowy Motom<\/h2><h3><a href=\"https:\/\/instrukcje.motowotom.pl\/wp-content\/uploads\/2025\/07\/Instrukcja-MOTOM.pdf\">Instrukcja-MOTOM<\/a>\u00a0PDF<\/h3><p>Instrukcja video<\/p>\t\t\t\t\t\t<\/div>\n\t\t\t\t<\/div>\n\t\t\t\t<\/div>\n\t\t<div class=\"elementor-element elementor-element-20249ab e-con-full e-flex e-con e-child\" data-id=\"20249ab\" data-element_type=\"container\">\n\t\t\t\t<div class=\"elementor-element elementor-element-5b1281c elementor-widget elementor-widget-video\" data-id=\"5b1281c\" data-element_type=\"widget\" data-settings=\"{&quot;youtube_url&quot;:&quot;https:\\\/\\\/www.youtube.com\\\/watch?v=XHOmBV4js_E&quot;,&quot;video_type&quot;:&quot;youtube&quot;,&quot;controls&quot;:&quot;yes&quot;}\" data-widget_type=\"video.default\">\n\t\t\t\t<div class=\"elementor-widget-container\">\n\t\t\t\t\t<div class=\"elementor-wrapper elementor-open-inline\">\n\t\t\t<div class=\"elementor-video\"><\/div>\t\t<\/div>\n\t\t\t\t<\/div>\n\t\t\t\t<\/div>\n\t\t\t\t<\/div>\n\t\t\t\t<\/div>\n\t\t\t\t\t<\/div>\n\t\t\t\t<\/div>\n\t\t<div class=\"elementor-element elementor-element-95ebce8 e-flex e-con-boxed e-con e-parent\" data-id=\"95ebce8\" data-element_type=\"container\">\n\t\t\t\t\t<div class=\"e-con-inner\">\n\t\t<div class=\"elementor-element elementor-element-031caef e-con-full e-flex e-con e-child\" data-id=\"031caef\" data-element_type=\"container\">\n\t\t\t\t<div class=\"elementor-element elementor-element-39b99b3 elementor-widget elementor-widget-image\" data-id=\"39b99b3\" data-element_type=\"widget\" data-widget_type=\"image.default\">\n\t\t\t\t<div class=\"elementor-widget-container\">\n\t\t\t\t\t\t\t\t\t\t\t\t\t<img decoding=\"async\" width=\"800\" height=\"750\" src=\"https:\/\/instrukcje.motowotom.pl\/wp-content\/uploads\/2025\/01\/stojak-motocyklowy-motowotom.jpg\" class=\"attachment-large size-large wp-image-516\" alt=\"\" srcset=\"https:\/\/instrukcje.motowotom.pl\/wp-content\/uploads\/2025\/01\/stojak-motocyklowy-motowotom.jpg 872w, https:\/\/instrukcje.motowotom.pl\/wp-content\/uploads\/2025\/01\/stojak-motocyklowy-motowotom-300x281.jpg 300w, https:\/\/instrukcje.motowotom.pl\/wp-content\/uploads\/2025\/01\/stojak-motocyklowy-motowotom-768x720.jpg 768w\" sizes=\"(max-width: 800px) 100vw, 800px\" \/>\t\t\t\t\t\t\t\t\t\t\t\t\t<\/div>\n\t\t\t\t<\/div>\n\t\t\t\t<\/div>\n\t\t<div class=\"elementor-element elementor-element-309f230 e-con-full e-flex e-con e-child\" data-id=\"309f230\" data-element_type=\"container\">\n\t\t<div class=\"elementor-element elementor-element-e74bef1 e-con-full e-flex e-con e-child\" data-id=\"e74bef1\" data-element_type=\"container\">\n\t\t\t\t<div class=\"elementor-element elementor-element-6c45e9d elementor-widget elementor-widget-text-editor\" data-id=\"6c45e9d\" data-element_type=\"widget\" data-widget_type=\"text-editor.default\">\n\t\t\t\t<div class=\"elementor-widget-container\">\n\t\t\t\t\t\t\t<h2>Stojak motocyklowy cross enduro pitbike supermoto z regulowan\u0105 wysoko\u015bci\u0105<\/h2><p>Instrukcja PDF<\/p><p>Instrukcja\/prezentacja video<\/p>\t\t\t\t\t\t<\/div>\n\t\t\t\t<\/div>\n\t\t\t\t<\/div>\n\t\t<div class=\"elementor-element elementor-element-31f373c e-con-full e-flex e-con e-child\" data-id=\"31f373c\" data-element_type=\"container\">\n\t\t\t\t<div class=\"elementor-element elementor-element-813292e elementor-widget elementor-widget-video\" data-id=\"813292e\" data-element_type=\"widget\" data-settings=\"{&quot;youtube_url&quot;:&quot;https:\\\/\\\/www.youtube.com\\\/watch?v=XHOmBV4js_E&quot;,&quot;video_type&quot;:&quot;youtube&quot;,&quot;controls&quot;:&quot;yes&quot;}\" data-widget_type=\"video.default\">\n\t\t\t\t<div class=\"elementor-widget-container\">\n\t\t\t\t\t<div class=\"elementor-wrapper elementor-open-inline\">\n\t\t\t<div class=\"elementor-video\"><\/div>\t\t<\/div>\n\t\t\t\t<\/div>\n\t\t\t\t<\/div>\n\t\t\t\t<\/div>\n\t\t\t\t<\/div>\n\t\t\t\t\t<\/div>\n\t\t\t\t<\/div>\n\t\t<div class=\"elementor-element elementor-element-ab6b6b4 e-flex e-con-boxed e-con e-parent\" data-id=\"ab6b6b4\" data-element_type=\"container\">\n\t\t\t\t\t<div class=\"e-con-inner\">\n\t\t<div class=\"elementor-element elementor-element-6001389 e-con-full e-flex e-con e-child\" data-id=\"6001389\" data-element_type=\"container\">\n\t\t\t\t<div class=\"elementor-element elementor-element-a7a4c83 elementor-widget elementor-widget-image\" data-id=\"a7a4c83\" data-element_type=\"widget\" data-widget_type=\"image.default\">\n\t\t\t\t<div class=\"elementor-widget-container\">\n\t\t\t\t\t\t\t\t\t\t\t\t\t<img decoding=\"async\" width=\"602\" height=\"557\" src=\"https:\/\/instrukcje.motowotom.pl\/wp-content\/uploads\/2025\/01\/Screenshot_84.jpg\" class=\"attachment-large size-large wp-image-534\" alt=\"\" srcset=\"https:\/\/instrukcje.motowotom.pl\/wp-content\/uploads\/2025\/01\/Screenshot_84.jpg 602w, https:\/\/instrukcje.motowotom.pl\/wp-content\/uploads\/2025\/01\/Screenshot_84-300x278.jpg 300w\" sizes=\"(max-width: 602px) 100vw, 602px\" \/>\t\t\t\t\t\t\t\t\t\t\t\t\t<\/div>\n\t\t\t\t<\/div>\n\t\t\t\t<\/div>\n\t\t<div class=\"elementor-element elementor-element-ccb6833 e-con-full e-flex e-con e-child\" data-id=\"ccb6833\" data-element_type=\"container\">\n\t\t\t\t<div class=\"elementor-element elementor-element-c3c24c2 elementor-widget elementor-widget-text-editor\" data-id=\"c3c24c2\" data-element_type=\"widget\" data-widget_type=\"text-editor.default\">\n\t\t\t\t<div class=\"elementor-widget-container\">\n\t\t\t\t\t\t\t<h2>Stojaki podno\u015bniki motocyklowe do motocykli szosowych Motowotom<\/h2><h2><a href=\"https:\/\/instrukcje.motowotom.pl\/wp-content\/uploads\/2025\/01\/1206-WOTOM-Paddock-Stand-User-Manual-A5-28P.pdf\">Instrukcja PDF<\/a><\/h2><p>Instrukcja\/prezentacja VIDEO<\/p>\t\t\t\t\t\t<\/div>\n\t\t\t\t<\/div>\n\t\t\t\t<\/div>\n\t\t\t\t\t<\/div>\n\t\t\t\t<\/div>\n\t\t<div class=\"elementor-element elementor-element-15e5674 e-flex e-con-boxed e-con e-parent\" data-id=\"15e5674\" data-element_type=\"container\">\n\t\t\t\t\t<div class=\"e-con-inner\">\n\t\t<div class=\"elementor-element elementor-element-60896f9 e-con-full e-flex e-con e-child\" data-id=\"60896f9\" data-element_type=\"container\">\n\t\t\t\t<div class=\"elementor-element elementor-element-20605cd elementor-widget elementor-widget-image\" data-id=\"20605cd\" data-element_type=\"widget\" data-widget_type=\"image.default\">\n\t\t\t\t<div class=\"elementor-widget-container\">\n\t\t\t\t\t\t\t\t\t\t\t\t\t<img loading=\"lazy\" decoding=\"async\" width=\"538\" height=\"337\" src=\"https:\/\/instrukcje.motowotom.pl\/wp-content\/uploads\/2025\/01\/Screenshot_86.jpg\" class=\"attachment-large size-large wp-image-535\" alt=\"\" srcset=\"https:\/\/instrukcje.motowotom.pl\/wp-content\/uploads\/2025\/01\/Screenshot_86.jpg 538w, https:\/\/instrukcje.motowotom.pl\/wp-content\/uploads\/2025\/01\/Screenshot_86-300x188.jpg 300w\" sizes=\"(max-width: 538px) 100vw, 538px\" \/>\t\t\t\t\t\t\t\t\t\t\t\t\t<\/div>\n\t\t\t\t<\/div>\n\t\t\t\t<\/div>\n\t\t<div class=\"elementor-element elementor-element-e6aedba e-con-full e-flex e-con e-child\" data-id=\"e6aedba\" data-element_type=\"container\">\n\t\t<div class=\"elementor-element elementor-element-d686e0c e-con-full e-flex e-con e-child\" data-id=\"d686e0c\" data-element_type=\"container\">\n\t\t\t\t<div class=\"elementor-element elementor-element-9a76b22 elementor-widget elementor-widget-text-editor\" data-id=\"9a76b22\" data-element_type=\"widget\" data-widget_type=\"text-editor.default\">\n\t\t\t\t<div class=\"elementor-widget-container\">\n\t\t\t\t\t\t\t<h2>Stojaki sk\u0142adane do motocykli szosowych Motowotom<\/h2><h2><a href=\"https:\/\/instrukcje.motowotom.pl\/wp-content\/uploads\/2025\/01\/1206-WOTOM-Paddock-Stand-User-Manual-A5-28P.pdf\">Instrukcja PDF<\/a><\/h2><p>Instrukcja\/prezentacja VIDEO<\/p>\t\t\t\t\t\t<\/div>\n\t\t\t\t<\/div>\n\t\t\t\t<\/div>\n\t\t<div class=\"elementor-element elementor-element-c508250 e-con-full e-flex e-con e-child\" data-id=\"c508250\" data-element_type=\"container\">\n\t\t\t\t<\/div>\n\t\t\t\t<\/div>\n\t\t\t\t\t<\/div>\n\t\t\t\t<\/div>\n\t\t<div class=\"elementor-element elementor-element-8e27894 e-flex e-con-boxed e-con e-parent\" data-id=\"8e27894\" data-element_type=\"container\">\n\t\t\t\t\t<div class=\"e-con-inner\">\n\t\t<div class=\"elementor-element elementor-element-6e5fc87 e-con-full e-flex e-con e-child\" data-id=\"6e5fc87\" data-element_type=\"container\">\n\t\t\t\t<div class=\"elementor-element elementor-element-ceb8538 elementor-widget elementor-widget-image\" data-id=\"ceb8538\" data-element_type=\"widget\" data-widget_type=\"image.default\">\n\t\t\t\t<div class=\"elementor-widget-container\">\n\t\t\t\t\t\t\t\t\t\t\t\t\t<img loading=\"lazy\" decoding=\"async\" width=\"476\" height=\"358\" src=\"https:\/\/instrukcje.motowotom.pl\/wp-content\/uploads\/2025\/01\/Screenshot_87.jpg\" class=\"attachment-large size-large wp-image-540\" alt=\"\" srcset=\"https:\/\/instrukcje.motowotom.pl\/wp-content\/uploads\/2025\/01\/Screenshot_87.jpg 476w, https:\/\/instrukcje.motowotom.pl\/wp-content\/uploads\/2025\/01\/Screenshot_87-300x226.jpg 300w\" sizes=\"(max-width: 476px) 100vw, 476px\" \/>\t\t\t\t\t\t\t\t\t\t\t\t\t<\/div>\n\t\t\t\t<\/div>\n\t\t\t\t<\/div>\n\t\t<div class=\"elementor-element elementor-element-3917e86 e-con-full e-flex e-con e-child\" data-id=\"3917e86\" data-element_type=\"container\">\n\t\t<div class=\"elementor-element elementor-element-960fdd4 e-con-full e-flex e-con e-child\" data-id=\"960fdd4\" data-element_type=\"container\">\n\t\t\t\t<div class=\"elementor-element elementor-element-1f1ba1e elementor-widget elementor-widget-text-editor\" data-id=\"1f1ba1e\" data-element_type=\"widget\" data-widget_type=\"text-editor.default\">\n\t\t\t\t<div class=\"elementor-widget-container\">\n\t\t\t\t\t\t\t<h2>Stojaki sk\u0142adane na k\u00f3\u0142kach motocyklowe do motocykli szosowych Motowotom<\/h2><h2><a href=\"https:\/\/instrukcje.motowotom.pl\/wp-content\/uploads\/2025\/01\/1206-WOTOM-Paddock-Stand-User-Manual-A5-28P.pdf\">Instrukcja PDF<\/a><\/h2><p>Instrukcja\/prezentacja VIDEO<\/p>\t\t\t\t\t\t<\/div>\n\t\t\t\t<\/div>\n\t\t\t\t<\/div>\n\t\t<div class=\"elementor-element elementor-element-66669da e-con-full e-flex e-con e-child\" data-id=\"66669da\" data-element_type=\"container\">\n\t\t\t\t<\/div>\n\t\t\t\t<\/div>\n\t\t\t\t\t<\/div>\n\t\t\t\t<\/div>\n\t\t<div class=\"elementor-element elementor-element-a85109b e-flex e-con-boxed e-con e-parent\" data-id=\"a85109b\" data-element_type=\"container\">\n\t\t\t\t\t<div class=\"e-con-inner\">\n\t\t<div class=\"elementor-element elementor-element-9f95317 e-con-full e-flex e-con e-child\" data-id=\"9f95317\" data-element_type=\"container\">\n\t\t\t\t<div class=\"elementor-element elementor-element-13dcb6b elementor-widget elementor-widget-image\" data-id=\"13dcb6b\" data-element_type=\"widget\" data-widget_type=\"image.default\">\n\t\t\t\t<div class=\"elementor-widget-container\">\n\t\t\t\t\t\t\t\t\t\t\t\t\t<img loading=\"lazy\" decoding=\"async\" width=\"294\" height=\"300\" src=\"https:\/\/instrukcje.motowotom.pl\/wp-content\/uploads\/2025\/01\/Screenshot_88-294x300.jpg\" class=\"attachment-medium size-medium wp-image-539\" alt=\"\" srcset=\"https:\/\/instrukcje.motowotom.pl\/wp-content\/uploads\/2025\/01\/Screenshot_88-294x300.jpg 294w, https:\/\/instrukcje.motowotom.pl\/wp-content\/uploads\/2025\/01\/Screenshot_88.jpg 616w\" sizes=\"(max-width: 294px) 100vw, 294px\" \/>\t\t\t\t\t\t\t\t\t\t\t\t\t<\/div>\n\t\t\t\t<\/div>\n\t\t\t\t<\/div>\n\t\t<div class=\"elementor-element elementor-element-98f66b4 e-con-full e-flex e-con e-child\" data-id=\"98f66b4\" data-element_type=\"container\">\n\t\t<div class=\"elementor-element elementor-element-876d31f e-con-full e-flex e-con e-child\" data-id=\"876d31f\" data-element_type=\"container\">\n\t\t\t\t<div class=\"elementor-element elementor-element-30d0286 elementor-widget elementor-widget-text-editor\" data-id=\"30d0286\" data-element_type=\"widget\" data-widget_type=\"text-editor.default\">\n\t\t\t\t<div class=\"elementor-widget-container\">\n\t\t\t\t\t\t\t<h2>Stojaki motocyklowe do motocykli szosowych na prz\u00f3d Motowotom<\/h2><h2><a href=\"https:\/\/instrukcje.motowotom.pl\/wp-content\/uploads\/2025\/01\/1206-WOTOM-Paddock-Stand-User-Manual-A5-28P.pdf\">Instrukcja PDF<\/a><\/h2><p>Instrukcja\/prezentacja VIDEO<\/p>\t\t\t\t\t\t<\/div>\n\t\t\t\t<\/div>\n\t\t\t\t<\/div>\n\t\t<div class=\"elementor-element elementor-element-87cd008 e-con-full e-flex e-con e-child\" data-id=\"87cd008\" data-element_type=\"container\">\n\t\t\t\t<\/div>\n\t\t\t\t<\/div>\n\t\t\t\t\t<\/div>\n\t\t\t\t<\/div>\n\t\t<div class=\"elementor-element elementor-element-4555419 e-flex e-con-boxed e-con e-parent\" data-id=\"4555419\" data-element_type=\"container\">\n\t\t\t\t\t<div class=\"e-con-inner\">\n\t\t<div class=\"elementor-element elementor-element-ad4fda5 e-con-full e-flex e-con e-child\" data-id=\"ad4fda5\" data-element_type=\"container\">\n\t\t\t\t<div class=\"elementor-element elementor-element-de1b617 elementor-widget elementor-widget-image\" data-id=\"de1b617\" data-element_type=\"widget\" data-widget_type=\"image.default\">\n\t\t\t\t<div class=\"elementor-widget-container\">\n\t\t\t\t\t\t\t\t\t\t\t\t\t<img loading=\"lazy\" decoding=\"async\" width=\"735\" height=\"422\" src=\"https:\/\/instrukcje.motowotom.pl\/wp-content\/uploads\/2025\/01\/Screenshot_89.jpg\" class=\"attachment-large size-large wp-image-538\" alt=\"\" srcset=\"https:\/\/instrukcje.motowotom.pl\/wp-content\/uploads\/2025\/01\/Screenshot_89.jpg 735w, https:\/\/instrukcje.motowotom.pl\/wp-content\/uploads\/2025\/01\/Screenshot_89-300x172.jpg 300w\" sizes=\"(max-width: 735px) 100vw, 735px\" \/>\t\t\t\t\t\t\t\t\t\t\t\t\t<\/div>\n\t\t\t\t<\/div>\n\t\t\t\t<\/div>\n\t\t<div class=\"elementor-element elementor-element-38be289 e-con-full e-flex e-con e-child\" data-id=\"38be289\" data-element_type=\"container\">\n\t\t<div class=\"elementor-element elementor-element-7127817 e-con-full e-flex e-con e-child\" data-id=\"7127817\" data-element_type=\"container\">\n\t\t\t\t<div class=\"elementor-element elementor-element-fd679dc elementor-widget elementor-widget-text-editor\" data-id=\"fd679dc\" data-element_type=\"widget\" data-widget_type=\"text-editor.default\">\n\t\t\t\t<div class=\"elementor-widget-container\">\n\t\t\t\t\t\t\t<h2>Stojak transportowy do motocykli Motowotom<\/h2><h2><a href=\"https:\/\/instrukcje.motowotom.pl\/wp-content\/uploads\/2025\/01\/1206-WOTOM-Paddock-Stand-User-Manual-A5-28P.pdf\">Instrukcja PDF<\/a><\/h2><p>Instrukcja\/prezentacja VIDEO<\/p>\t\t\t\t\t\t<\/div>\n\t\t\t\t<\/div>\n\t\t\t\t<\/div>\n\t\t<div class=\"elementor-element elementor-element-07de7dd e-con-full e-flex e-con e-child\" data-id=\"07de7dd\" data-element_type=\"container\">\n\t\t\t\t<\/div>\n\t\t\t\t<\/div>\n\t\t\t\t\t<\/div>\n\t\t\t\t<\/div>\n\t\t<div class=\"elementor-element elementor-element-03a5c82 e-flex e-con-boxed e-con e-parent\" data-id=\"03a5c82\" data-element_type=\"container\">\n\t\t\t\t\t<div class=\"e-con-inner\">\n\t\t<div class=\"elementor-element elementor-element-9e4298b e-con-full e-flex e-con e-child\" data-id=\"9e4298b\" data-element_type=\"container\">\n\t\t\t\t<div class=\"elementor-element elementor-element-ee6ab20 elementor-widget elementor-widget-image\" data-id=\"ee6ab20\" data-element_type=\"widget\" data-widget_type=\"image.default\">\n\t\t\t\t<div class=\"elementor-widget-container\">\n\t\t\t\t\t\t\t\t\t\t\t\t\t<img loading=\"lazy\" decoding=\"async\" width=\"614\" height=\"418\" src=\"https:\/\/instrukcje.motowotom.pl\/wp-content\/uploads\/2025\/01\/Screenshot_90.jpg\" class=\"attachment-large size-large wp-image-537\" alt=\"\" srcset=\"https:\/\/instrukcje.motowotom.pl\/wp-content\/uploads\/2025\/01\/Screenshot_90.jpg 614w, https:\/\/instrukcje.motowotom.pl\/wp-content\/uploads\/2025\/01\/Screenshot_90-300x204.jpg 300w\" sizes=\"(max-width: 614px) 100vw, 614px\" \/>\t\t\t\t\t\t\t\t\t\t\t\t\t<\/div>\n\t\t\t\t<\/div>\n\t\t\t\t<\/div>\n\t\t<div class=\"elementor-element elementor-element-42ef943 e-con-full e-flex e-con e-child\" data-id=\"42ef943\" data-element_type=\"container\">\n\t\t<div class=\"elementor-element elementor-element-411099c e-con-full e-flex e-con e-child\" data-id=\"411099c\" data-element_type=\"container\">\n\t\t\t\t<div class=\"elementor-element elementor-element-4d37ad5 elementor-widget elementor-widget-text-editor\" data-id=\"4d37ad5\" data-element_type=\"widget\" data-widget_type=\"text-editor.default\">\n\t\t\t\t<div class=\"elementor-widget-container\">\n\t\t\t\t\t\t\t<h2>W\u00f3zek do wygodnej wymiany przedniego ko\u0142a Motowotom<\/h2><h2><a href=\"https:\/\/instrukcje.motowotom.pl\/wp-content\/uploads\/2025\/01\/1206-WOTOM-Paddock-Stand-User-Manual-A5-28P.pdf\">Instrukcja PDF<\/a><\/h2><p>Instrukcja\/prezentacja VIDEO<\/p>\t\t\t\t\t\t<\/div>\n\t\t\t\t<\/div>\n\t\t\t\t<\/div>\n\t\t<div class=\"elementor-element elementor-element-f879f2c e-con-full e-flex e-con e-child\" data-id=\"f879f2c\" data-element_type=\"container\">\n\t\t\t\t<\/div>\n\t\t\t\t<\/div>\n\t\t\t\t\t<\/div>\n\t\t\t\t<\/div>\n\t\t<div class=\"elementor-element elementor-element-5155294 e-flex e-con-boxed e-con e-parent\" data-id=\"5155294\" data-element_type=\"container\">\n\t\t\t\t\t<div class=\"e-con-inner\">\n\t\t<div class=\"elementor-element elementor-element-9f36ddc e-con-full e-flex e-con e-child\" data-id=\"9f36ddc\" data-element_type=\"container\">\n\t\t\t\t<div class=\"elementor-element elementor-element-6db8197 elementor-widget elementor-widget-image\" data-id=\"6db8197\" data-element_type=\"widget\" data-widget_type=\"image.default\">\n\t\t\t\t<div class=\"elementor-widget-container\">\n\t\t\t\t\t\t\t\t\t\t\t\t\t<img loading=\"lazy\" decoding=\"async\" width=\"800\" height=\"729\" src=\"https:\/\/instrukcje.motowotom.pl\/wp-content\/uploads\/2025\/05\/kotwa-antykradziezowa.jpg\" class=\"attachment-large size-large wp-image-552\" alt=\"\" srcset=\"https:\/\/instrukcje.motowotom.pl\/wp-content\/uploads\/2025\/05\/kotwa-antykradziezowa.jpg 1001w, https:\/\/instrukcje.motowotom.pl\/wp-content\/uploads\/2025\/05\/kotwa-antykradziezowa-300x273.jpg 300w, https:\/\/instrukcje.motowotom.pl\/wp-content\/uploads\/2025\/05\/kotwa-antykradziezowa-768x700.jpg 768w\" sizes=\"(max-width: 800px) 100vw, 800px\" \/>\t\t\t\t\t\t\t\t\t\t\t\t\t<\/div>\n\t\t\t\t<\/div>\n\t\t\t\t<\/div>\n\t\t<div class=\"elementor-element elementor-element-e8bde0e e-con-full e-flex e-con e-child\" data-id=\"e8bde0e\" data-element_type=\"container\">\n\t\t\t\t<div class=\"elementor-element elementor-element-4f27944 elementor-widget elementor-widget-text-editor\" data-id=\"4f27944\" data-element_type=\"widget\" data-widget_type=\"text-editor.default\">\n\t\t\t\t<div class=\"elementor-widget-container\">\n\t\t\t\t\t\t\t<h2>Kotwa antykradzie\u017cowa Motowotom<\/h2><h2><a href=\"https:\/\/instrukcje.motowotom.pl\/wp-content\/uploads\/2025\/05\/Kotwa-gruntowa.pdf\">Instrukcja PDF<\/a><\/h2><p>Instrukcja\/prezentacja VIDEO<\/p>\t\t\t\t\t\t<\/div>\n\t\t\t\t<\/div>\n\t\t\t\t<\/div>\n\t\t\t\t\t<\/div>\n\t\t\t\t<\/div>\n\t\t\t\t<\/div>\n\t\t","protected":false},"excerpt":{"rendered":"<p>INSTRUKCJE PRODUKT\u00d3W MOTOWOTOM ZROTOM i MOTOBAJKA Interkom motocyklowy Motom Instrukcja-MOTOM\u00a0PDF Instrukcja video https:\/\/www.youtube.com\/watch?v=XHOmBV4js_E Stojak motocyklowy cross enduro pitbike supermoto z regulowan\u0105 wysoko\u015bci\u0105 Instrukcja PDF Instrukcja\/prezentacja video https:\/\/www.youtube.com\/watch?v=XHOmBV4js_E Stojaki podno\u015bniki motocyklowe do motocykli szosowych Motowotom Instrukcja PDF Instrukcja\/prezentacja VIDEO Stojaki sk\u0142adane do motocykli szosowych Motowotom Instrukcja PDF Instrukcja\/prezentacja VIDEO Stojaki sk\u0142adane na k\u00f3\u0142kach motocyklowe do motocykli [&hellip;]<\/p>\n","protected":false},"author":1,"featured_media":44,"parent":0,"menu_order":0,"comment_status":"closed","ping_status":"closed","template":"","meta":{"footnotes":""},"class_list":["post-39","page","type-page","status-publish","has-post-thumbnail","hentry"],"_links":{"self":[{"href":"https:\/\/instrukcje.motowotom.pl\/index.php?rest_route=\/wp\/v2\/pages\/39"}],"collection":[{"href":"https:\/\/instrukcje.motowotom.pl\/index.php?rest_route=\/wp\/v2\/pages"}],"about":[{"href":"https:\/\/instrukcje.motowotom.pl\/index.php?rest_route=\/wp\/v2\/types\/page"}],"author":[{"embeddable":true,"href":"https:\/\/instrukcje.motowotom.pl\/index.php?rest_route=\/wp\/v2\/users\/1"}],"replies":[{"embeddable":true,"href":"https:\/\/instrukcje.motowotom.pl\/index.php?rest_route=%2Fwp%2Fv2%2Fcomments&post=39"}],"version-history":[{"count":146,"href":"https:\/\/instrukcje.motowotom.pl\/index.php?rest_route=\/wp\/v2\/pages\/39\/revisions"}],"predecessor-version":[{"id":562,"href":"https:\/\/instrukcje.motowotom.pl\/index.php?rest_route=\/wp\/v2\/pages\/39\/revisions\/562"}],"wp:featuredmedia":[{"embeddable":true,"href":"https:\/\/instrukcje.motowotom.pl\/index.php?rest_route=\/wp\/v2\/media\/44"}],"wp:attachment":[{"href":"https:\/\/instrukcje.motowotom.pl\/index.php?rest_route=%2Fwp%2Fv2%2Fmedia&parent=39"}],"curies":[{"name":"wp","href":"https:\/\/api.w.org\/{rel}","templated":true}]}}